{"id":25,"date":"2023-02-18T15:13:55","date_gmt":"2023-02-18T14:13:55","guid":{"rendered":"http:\/\/jeronimo-music.de\/content\/?page_id=25"},"modified":"2024-09-05T21:25:55","modified_gmt":"2024-09-05T19:25:55","slug":"history","status":"publish","type":"page","link":"https:\/\/jeronimo-music.de\/content\/history\/","title":{"rendered":"HISTORIE"},"content":{"rendered":"\n<figure class=\"wp-block-image size-full\"><img data-recalc-dims=\"1\" loading=\"lazy\" decoding=\"async\" width=\"600\" height=\"434\" src=\"https:\/\/i0.wp.com\/jeronimo-music.de\/wp-content\/uploads\/2024\/08\/jeronimo_band_frankfurt_roemer-2.jpg?resize=600%2C434\" alt=\"\" class=\"wp-image-257\" srcset=\"https:\/\/i0.wp.com\/jeronimo-music.de\/wp-content\/uploads\/2024\/08\/jeronimo_band_frankfurt_roemer-2.jpg?w=600&amp;ssl=1 600w, https:\/\/i0.wp.com\/jeronimo-music.de\/wp-content\/uploads\/2024\/08\/jeronimo_band_frankfurt_roemer-2.jpg?resize=300%2C217&amp;ssl=1 300w\" sizes=\"auto, (max-width: 600px) 100vw, 600px\" \/><\/figure>\n\n\n<p style=\"text-align: left;\">JERONIMO wurde 1969 gegr\u00fcndet. In dieser Zeit hatte die Band ihre ersten beiden Hits &#8222;HE YA&#8220; und &#8222;NA NA HEY HEY&#8220;. Mit diesen Chartbreakern erlebte JERONIMO den weltweiten Durchbruch.<\/p>\n<p>1970 entstand die ber\u00fchmte Compilation Split LP mit CREEDENCE CLEARWATER REVIVAL &#8222;SPIRIT ORGASZMUS&#8220;.<\/p>\n<p>&nbsp;<\/p>\n\n\n<figure class=\"wp-block-image size-full is-resized\"><img data-recalc-dims=\"1\" loading=\"lazy\" decoding=\"async\" width=\"404\" height=\"800\" src=\"https:\/\/i0.wp.com\/jeronimo-music.de\/wp-content\/uploads\/2024\/08\/jeronimo_ccr_spirit_orgaszmus.jpg?resize=404%2C800\" alt=\"\" class=\"wp-image-258\" style=\"width:400px\" srcset=\"https:\/\/i0.wp.com\/jeronimo-music.de\/wp-content\/uploads\/2024\/08\/jeronimo_ccr_spirit_orgaszmus.jpg?w=404&amp;ssl=1 404w, https:\/\/i0.wp.com\/jeronimo-music.de\/wp-content\/uploads\/2024\/08\/jeronimo_ccr_spirit_orgaszmus.jpg?resize=152%2C300&amp;ssl=1 152w\" sizes=\"auto, (max-width: 404px) 100vw, 404px\" \/><\/figure>\n\n\n\n<p class=\"has-text-align-left\">1970 tourten JERONIMO und STEPPENWOLF erfolgreich durch Deutschland.<\/p>\n\n\n\n<figure class=\"wp-block-image size-full is-resized\"><img data-recalc-dims=\"1\" loading=\"lazy\" decoding=\"async\" width=\"474\" height=\"700\" src=\"https:\/\/i0.wp.com\/jeronimo-music.de\/wp-content\/uploads\/2024\/08\/jeronimo_steppenwolf_tour.jpg?resize=474%2C700\" alt=\"\" class=\"wp-image-261\" style=\"width:400px\" srcset=\"https:\/\/i0.wp.com\/jeronimo-music.de\/wp-content\/uploads\/2024\/08\/jeronimo_steppenwolf_tour.jpg?w=474&amp;ssl=1 474w, https:\/\/i0.wp.com\/jeronimo-music.de\/wp-content\/uploads\/2024\/08\/jeronimo_steppenwolf_tour.jpg?resize=203%2C300&amp;ssl=1 203w\" sizes=\"auto, (max-width: 474px) 100vw, 474px\" \/><\/figure>\n\n\n\n<p class=\"has-text-align-left\">Im selben Jahr waren JERONIMO Headliner des legend\u00e4ren &#8222;Progressive Pop Festivals&#8220; in K\u00f6ln mit DEEP PURPLE, GOLDEN EARRING, T-REX, THE KINGS, BARCLEY JAMES HARVEST, PROCOL HARUM und vielen mehr.<\/p>\n\n\n\n<p class=\"has-text-align-left\">&nbsp;<\/p>\n\n\n\n<figure class=\"wp-block-image size-full is-resized\"><img data-recalc-dims=\"1\" loading=\"lazy\" decoding=\"async\" width=\"428\" height=\"600\" src=\"https:\/\/i0.wp.com\/jeronimo-music.de\/wp-content\/uploads\/2024\/08\/jeronimo_progressive_pop_festival_koeln.jpg?resize=428%2C600\" alt=\"\" class=\"wp-image-262\" style=\"width:400px\" srcset=\"https:\/\/i0.wp.com\/jeronimo-music.de\/wp-content\/uploads\/2024\/08\/jeronimo_progressive_pop_festival_koeln.jpg?w=428&amp;ssl=1 428w, https:\/\/i0.wp.com\/jeronimo-music.de\/wp-content\/uploads\/2024\/08\/jeronimo_progressive_pop_festival_koeln.jpg?resize=214%2C300&amp;ssl=1 214w\" sizes=\"auto, (max-width: 428px) 100vw, 428px\" \/><\/figure>\n\n\n<p style=\"text-align: left;\">1971 fand JERONIMOs gr\u00f6\u00dfter B\u00fchnenauftritt im Th\u00e9\u00e2tre de Beaulieu\u00a0in Lausanne, Schweiz,\u00a0f\u00fcr &#8222;UNICEF &#8211; United Nations Children&#8217;s Fund&#8220; statt, der weltweit im Fernsehen mit den Stars JOS\u00c9PHINE BAKER, YEHUDI MENUHIN, JEAN-CLAUDE PASCAL, ROLAND PETIT, PETER USTINOV, FRANCOISE HARDY, JEREMY MENUHIN, JOY &amp; THE HIT KIDS, MARILLION, LIESELOTTE PULVER, CURD J\u00dcRGENS, UDO J\u00dcRGENS, JEAN-CLAUDE BRIALY, GERALDINE CHAPLING uvm. \u00fcbertragen wurde.<\/p>\n<p style=\"text-align: left;\"><img data-recalc-dims=\"1\" loading=\"lazy\" decoding=\"async\" class=\"alignnone wp-image-295 \" src=\"https:\/\/i0.wp.com\/jeronimo-music.de\/wp-content\/uploads\/2024\/09\/jeronimo_unicef_gala_1970_lausanne_swiss_600_852px_.jpg?resize=400%2C568\" alt=\"\" width=\"400\" height=\"568\" srcset=\"https:\/\/i0.wp.com\/jeronimo-music.de\/wp-content\/uploads\/2024\/09\/jeronimo_unicef_gala_1970_lausanne_swiss_600_852px_.jpg?w=600&amp;ssl=1 600w, https:\/\/i0.wp.com\/jeronimo-music.de\/wp-content\/uploads\/2024\/09\/jeronimo_unicef_gala_1970_lausanne_swiss_600_852px_.jpg?resize=211%2C300&amp;ssl=1 211w\" sizes=\"auto, (max-width: 400px) 100vw, 400px\" \/><\/p>\n<p>\u00a0<\/p>\n<p style=\"text-align: left;\">JERONIMO war in zahlreichen europ\u00e4ischen Fernsehsendungen wie &#8222;HITS A GOGO&#8220;, &#8222;BEATCLUB&#8220; und &#8222;BANANAS&#8220; zu sehen. Diese und weitere legend\u00e4re Auftritte sind auf der DVD &#8222;TIMEVISION&#8220; zu sehen.<\/p>\n<p style=\"text-align: left;\">\u00a0<\/p>\n<p style=\"text-align: left;\"><img data-recalc-dims=\"1\" loading=\"lazy\" decoding=\"async\" class=\"alignnone  wp-image-298\" src=\"https:\/\/i0.wp.com\/jeronimo-music.de\/wp-content\/uploads\/2024\/09\/jeronimo_timevision_dvd_front_-231x300.jpg?resize=462%2C600\" alt=\"\" width=\"462\" height=\"600\" srcset=\"https:\/\/i0.wp.com\/jeronimo-music.de\/wp-content\/uploads\/2024\/09\/jeronimo_timevision_dvd_front_.jpg?resize=231%2C300&amp;ssl=1 231w, https:\/\/i0.wp.com\/jeronimo-music.de\/wp-content\/uploads\/2024\/09\/jeronimo_timevision_dvd_front_.jpg?resize=790%2C1024&amp;ssl=1 790w, https:\/\/i0.wp.com\/jeronimo-music.de\/wp-content\/uploads\/2024\/09\/jeronimo_timevision_dvd_front_.jpg?resize=768%2C996&amp;ssl=1 768w, https:\/\/i0.wp.com\/jeronimo-music.de\/wp-content\/uploads\/2024\/09\/jeronimo_timevision_dvd_front_.jpg?resize=600%2C778&amp;ssl=1 600w, https:\/\/i0.wp.com\/jeronimo-music.de\/wp-content\/uploads\/2024\/09\/jeronimo_timevision_dvd_front_.jpg?w=1157&amp;ssl=1 1157w\" sizes=\"auto, (max-width: 462px) 100vw, 462px\" \/><\/p>\n\n\n<\/p>\n<p style=\"text-align: left;\">Nach 55 Jahren und Millionen verkaufter Platten weltweit ist JERONIMO Kult.<\/p>\n<p style=\"text-align: left;\">\n\n\n<\/p>\n<p style=\"text-align: left;\">\n\n\n<\/p>\n<p style=\"text-align: left;\">1999\/2000 wurden ihre Hits &#8222;NA NA HEY HEY&#8220; und &#8222;HE YA&#8220; auf zahlreichen Hit-Compilations wiederver\u00f6ffentlicht. Die CDs &#8222;COSMIC BLUES&#8220;, &#8222;TIME RIDE&#8220; und &#8222;BEST OF&#8220; sind seit 1991 im Handel erh\u00e4ltlich.<\/p>\n<p style=\"text-align: left;\">\n\n\n<\/p>\n<p style=\"text-align: left;\">\n\n\n<\/p>\n<p style=\"text-align: left;\">Nach zahlreichen Verfahren mit der &#8222;purple record company&#8220; in Frankfurt erwarb Ringo Funk im Jahr 2000 erfolgreich die Rechte an allen JERONIMO &#8211; Songs.<\/p>\n<p style=\"text-align: left;\">\n\n\n<\/p>\n<p style=\"text-align: left;\">\n\n\n<\/p>\n<p style=\"text-align: left;\">Im Jahr 2002 wurden die CD&#8217;s nicht nur digital remastert \u2013 Bonustracks und bisher unver\u00f6ffentlichtes Material wurden erg\u00e4nzt. &#8222;JERONIMO&#8220;, &#8222;COSMIC BLUES&#8220;, &#8222;TIME RIDE&#8220; und &#8222;BEST OF&#8220; sind seitdem im Shop erh\u00e4ltlich.<\/p>\n<p style=\"text-align: left;\">\n\n\n<\/p>\n<p style=\"text-align: left;\">\n\n<p style=\"text-align: left;\">Die aussergew\u00f6hliche Fan-Edition der &#8222;COSMIC BLUES&#8220; ist als Digi-Pack mit einzigartigem Layout und einer vinyl-look-a-like CD 2017 erschienen.<\/p>\n<p>\u00a0<\/p>\n<p><img data-recalc-dims=\"1\" loading=\"lazy\" decoding=\"async\" class=\"wp-image-271 alignright\" src=\"https:\/\/i0.wp.com\/jeronimo-music.de\/wp-content\/uploads\/2023\/05\/jeronimo_cosmic_blues_cover_inside-300x150.png?resize=400%2C200\" alt=\"\" width=\"400\" height=\"200\" srcset=\"https:\/\/i0.wp.com\/jeronimo-music.de\/wp-content\/uploads\/2023\/05\/jeronimo_cosmic_blues_cover_inside.png?resize=300%2C150&amp;ssl=1 300w, https:\/\/i0.wp.com\/jeronimo-music.de\/wp-content\/uploads\/2023\/05\/jeronimo_cosmic_blues_cover_inside.png?resize=1024%2C512&amp;ssl=1 1024w, https:\/\/i0.wp.com\/jeronimo-music.de\/wp-content\/uploads\/2023\/05\/jeronimo_cosmic_blues_cover_inside.png?resize=768%2C384&amp;ssl=1 768w, https:\/\/i0.wp.com\/jeronimo-music.de\/wp-content\/uploads\/2023\/05\/jeronimo_cosmic_blues_cover_inside.png?resize=600%2C300&amp;ssl=1 600w, https:\/\/i0.wp.com\/jeronimo-music.de\/wp-content\/uploads\/2023\/05\/jeronimo_cosmic_blues_cover_inside.png?w=1200&amp;ssl=1 1200w\" sizes=\"auto, (max-width: 400px) 100vw, 400px\" \/><a href=\"_wp_link_placeholder\" data-wplink-edit=\"true\"><img data-recalc-dims=\"1\" loading=\"lazy\" decoding=\"async\" class=\"alignnone size-medium wp-image-270\" src=\"https:\/\/i0.wp.com\/jeronimo-music.de\/wp-content\/uploads\/2023\/05\/jeronimo_cosmic_blues_cover_front-300x268.png?resize=300%2C268\" alt=\"\" width=\"300\" height=\"268\" srcset=\"https:\/\/i0.wp.com\/jeronimo-music.de\/wp-content\/uploads\/2023\/05\/jeronimo_cosmic_blues_cover_front.png?resize=300%2C268&amp;ssl=1 300w, https:\/\/i0.wp.com\/jeronimo-music.de\/wp-content\/uploads\/2023\/05\/jeronimo_cosmic_blues_cover_front.png?resize=1024%2C916&amp;ssl=1 1024w, https:\/\/i0.wp.com\/jeronimo-music.de\/wp-content\/uploads\/2023\/05\/jeronimo_cosmic_blues_cover_front.png?resize=768%2C687&amp;ssl=1 768w, https:\/\/i0.wp.com\/jeronimo-music.de\/wp-content\/uploads\/2023\/05\/jeronimo_cosmic_blues_cover_front.png?resize=1536%2C1374&amp;ssl=1 1536w, https:\/\/i0.wp.com\/jeronimo-music.de\/wp-content\/uploads\/2023\/05\/jeronimo_cosmic_blues_cover_front.png?resize=600%2C537&amp;ssl=1 600w, https:\/\/i0.wp.com\/jeronimo-music.de\/wp-content\/uploads\/2023\/05\/jeronimo_cosmic_blues_cover_front.png?w=1637&amp;ssl=1 1637w\" sizes=\"auto, (max-width: 300px) 100vw, 300px\" \/><\/a><\/p>\n<p><img data-recalc-dims=\"1\" loading=\"lazy\" decoding=\"async\" class=\"alignnone size-medium wp-image-268\" src=\"https:\/\/i0.wp.com\/jeronimo-music.de\/wp-content\/uploads\/2023\/05\/jeronimo_cosmic_blues_cd-300x300.png?resize=300%2C300\" alt=\"\" width=\"300\" height=\"300\" srcset=\"https:\/\/i0.wp.com\/jeronimo-music.de\/wp-content\/uploads\/2023\/05\/jeronimo_cosmic_blues_cd.png?resize=300%2C300&amp;ssl=1 300w, https:\/\/i0.wp.com\/jeronimo-music.de\/wp-content\/uploads\/2023\/05\/jeronimo_cosmic_blues_cd.png?resize=150%2C150&amp;ssl=1 150w, https:\/\/i0.wp.com\/jeronimo-music.de\/wp-content\/uploads\/2023\/05\/jeronimo_cosmic_blues_cd.png?resize=100%2C100&amp;ssl=1 100w, https:\/\/i0.wp.com\/jeronimo-music.de\/wp-content\/uploads\/2023\/05\/jeronimo_cosmic_blues_cd.png?w=600&amp;ssl=1 600w\" sizes=\"auto, (max-width: 300px) 100vw, 300px\" \/><\/p>\n\n<\/p>","protected":false},"excerpt":{"rendered":"<p>JERONIMO wurde 1969 gegr\u00fcndet. In dieser Zeit hatte die Band ihre ersten beiden Hits &#8222;HE YA&#8220; und &#8222;NA NA HEY HEY&#8220;. Mit diesen Chartbreakern erlebte JERONIMO den weltweiten Durchbruch. 1970 entstand die ber\u00fchmte Compilation Split LP mit CREEDENCE CLEARWATER REVIVAL &#8222;SPIRIT ORGASZMUS&#8220;. &nbsp; 1970 tourten JERONIMO und STEPPENWOLF erfolgreich durch Deutschland. Im selben Jahr waren [&hellip;]<\/p>\n","protected":false},"author":2,"featured_media":0,"parent":0,"menu_order":1,"comment_status":"closed","ping_status":"closed","template":"","meta":{"footnotes":""},"class_list":["post-25","page","type-page","status-publish","hentry"],"jetpack_sharing_enabled":true,"_links":{"self":[{"href":"https:\/\/jeronimo-music.de\/content\/wp-json\/wp\/v2\/pages\/25","targetHints":{"allow":["GET"]}}],"collection":[{"href":"https:\/\/jeronimo-music.de\/content\/wp-json\/wp\/v2\/pages"}],"about":[{"href":"https:\/\/jeronimo-music.de\/content\/wp-json\/wp\/v2\/types\/page"}],"author":[{"embeddable":true,"href":"https:\/\/jeronimo-music.de\/content\/wp-json\/wp\/v2\/users\/2"}],"replies":[{"embeddable":true,"href":"https:\/\/jeronimo-music.de\/content\/wp-json\/wp\/v2\/comments?post=25"}],"version-history":[{"count":52,"href":"https:\/\/jeronimo-music.de\/content\/wp-json\/wp\/v2\/pages\/25\/revisions"}],"predecessor-version":[{"id":303,"href":"https:\/\/jeronimo-music.de\/content\/wp-json\/wp\/v2\/pages\/25\/revisions\/303"}],"wp:attachment":[{"href":"https:\/\/jeronimo-music.de\/content\/wp-json\/wp\/v2\/media?parent=25"}],"curies":[{"name":"wp","href":"https:\/\/api.w.org\/{rel}","templated":true}]}}