{"id":312,"date":"2024-12-10T14:36:11","date_gmt":"2024-12-10T13:36:11","guid":{"rendered":"https:\/\/jeronimo-music.de\/content\/?post_type=product&#038;p=312"},"modified":"2024-12-10T15:19:19","modified_gmt":"2024-12-10T14:19:19","slug":"bundle-dvd-timevision-new-edition-lp-same-picture-edition","status":"publish","type":"product","link":"https:\/\/jeronimo-music.de\/content\/produkt\/bundle-dvd-timevision-new-edition-lp-same-picture-edition\/","title":{"rendered":"Bundle &#8211; DVD TIMEVISION NEW EDITION + LP SAME PICTURE EDITION"},"content":{"rendered":"<p>Mit der DVD TIMEVISION erleben Sie die unvergesslichen Momente JERONIMOs.<\/p>\n<p>Seltene Konzertaufnahmen und TV-Auftritte, Ausschnitte der Steppenwolf-Tour,<\/p>\n<p>Interviews Highlights und Videoclips aus den 70ern und 80ern.<\/p>\n<p>Exklusiv dabei &#8211; ein pers\u00f6nlicher Clip und Interview mit Bandgr\u00fcnder Ringo Funk,<\/p>\n<p>der Einblicke in seine Projete gibt.<\/p>\n<p>Ein Juwel f\u00fcr alle Hardrockfans und Liebhaber zeitloser Musikgeschichte.<\/p>\n","protected":false},"excerpt":{"rendered":"<p>Mit der DVD TIMEVISION erleben Sie die unvergesslichen Momente JERONIMOs. Seltene Konzertaufnahmen und TV-Auftritte, Ausschnitte der Steppenwolf-Tour, Interviews Highlights und Videoclips aus den 70ern und 80ern. Exklusiv dabei &#8211; ein pers\u00f6nlicher Clip und Interview mit Bandgr\u00fcnder Ringo Funk, der Einblicke in seine Projete gibt. Ein Juwel f\u00fcr alle Hardrockfans und Liebhaber zeitloser Musikgeschichte.<\/p>\n","protected":false},"featured_media":311,"template":"","meta":[],"product_brand":[],"product_cat":[61,60,27],"product_tag":[],"class_list":{"0":"post-312","1":"product","2":"type-product","3":"status-publish","4":"has-post-thumbnail","6":"product_cat-bundle","7":"product_cat-dvd","8":"product_cat-vinyl","10":"first","11":"instock","12":"taxable","13":"shipping-taxable","14":"purchasable","15":"product-type-simple"},"jetpack_sharing_enabled":true,"_links":{"self":[{"href":"https:\/\/jeronimo-music.de\/content\/wp-json\/wp\/v2\/product\/312","targetHints":{"allow":["GET"]}}],"collection":[{"href":"https:\/\/jeronimo-music.de\/content\/wp-json\/wp\/v2\/product"}],"about":[{"href":"https:\/\/jeronimo-music.de\/content\/wp-json\/wp\/v2\/types\/product"}],"wp:featuredmedia":[{"embeddable":true,"href":"https:\/\/jeronimo-music.de\/content\/wp-json\/wp\/v2\/media\/311"}],"wp:attachment":[{"href":"https:\/\/jeronimo-music.de\/content\/wp-json\/wp\/v2\/media?parent=312"}],"wp:term":[{"taxonomy":"product_brand","embeddable":true,"href":"https:\/\/jeronimo-music.de\/content\/wp-json\/wp\/v2\/product_brand?post=312"},{"taxonomy":"product_cat","embeddable":true,"href":"https:\/\/jeronimo-music.de\/content\/wp-json\/wp\/v2\/product_cat?post=312"},{"taxonomy":"product_tag","embeddable":true,"href":"https:\/\/jeronimo-music.de\/content\/wp-json\/wp\/v2\/product_tag?post=312"}],"curies":[{"name":"wp","href":"https:\/\/api.w.org\/{rel}","templated":true}]}}