{"id":77,"date":"2023-05-23T21:30:26","date_gmt":"2023-05-23T19:30:26","guid":{"rendered":"https:\/\/jeronimo-music.de\/content\/?post_type=product&#038;p=77"},"modified":"2024-09-05T18:03:56","modified_gmt":"2024-09-05T16:03:56","slug":"same","status":"publish","type":"product","link":"https:\/\/jeronimo-music.de\/content\/produkt\/same\/","title":{"rendered":"Jeronimo \/ Same &#8211; CD"},"content":{"rendered":"<p>Das Album \u201eJeronimo\u201c bei Fans auch einfach nur \u201eSame\u201c genannt wurde mit dem Bonustrack \u201eSave Our Souls \u2013 S.O.S.\u201c<\/p>\n<p>Erg\u00e4nzt. Das \u00fcber 7-min\u00fctige Schlagzeug-Solo von Ringo Funk in \u201eHugudila\u201c ist hier ebenfalls enthalten.<\/p>\n","protected":false},"excerpt":{"rendered":"<p>Jeronimo &#8211; Jeronimo CD<\/p>\n","protected":false},"featured_media":281,"template":"","meta":[],"product_brand":[],"product_cat":[26],"product_tag":[],"class_list":{"0":"post-77","1":"product","2":"type-product","3":"status-publish","4":"has-post-thumbnail","6":"product_cat-cds","8":"first","9":"instock","10":"taxable","11":"shipping-taxable","12":"purchasable","13":"product-type-simple"},"jetpack_sharing_enabled":true,"_links":{"self":[{"href":"https:\/\/jeronimo-music.de\/content\/wp-json\/wp\/v2\/product\/77","targetHints":{"allow":["GET"]}}],"collection":[{"href":"https:\/\/jeronimo-music.de\/content\/wp-json\/wp\/v2\/product"}],"about":[{"href":"https:\/\/jeronimo-music.de\/content\/wp-json\/wp\/v2\/types\/product"}],"wp:featuredmedia":[{"embeddable":true,"href":"https:\/\/jeronimo-music.de\/content\/wp-json\/wp\/v2\/media\/281"}],"wp:attachment":[{"href":"https:\/\/jeronimo-music.de\/content\/wp-json\/wp\/v2\/media?parent=77"}],"wp:term":[{"taxonomy":"product_brand","embeddable":true,"href":"https:\/\/jeronimo-music.de\/content\/wp-json\/wp\/v2\/product_brand?post=77"},{"taxonomy":"product_cat","embeddable":true,"href":"https:\/\/jeronimo-music.de\/content\/wp-json\/wp\/v2\/product_cat?post=77"},{"taxonomy":"product_tag","embeddable":true,"href":"https:\/\/jeronimo-music.de\/content\/wp-json\/wp\/v2\/product_tag?post=77"}],"curies":[{"name":"wp","href":"https:\/\/api.w.org\/{rel}","templated":true}]}}